{"id":4438,"date":"2019-06-10T06:22:37","date_gmt":"2019-06-10T06:22:37","guid":{"rendered":"https:\/\/www.radiohit.ro\/sitenou\/?page_id=4438"},"modified":"2019-10-28T12:30:04","modified_gmt":"2019-10-28T12:30:04","slug":"concursuri","status":"publish","type":"page","link":"https:\/\/www.radiohit.ro\/sitenou\/concursuri\/","title":{"rendered":"Concursuri"},"content":{"rendered":"\n<h3>Este ziua noastr\u0103 \u0219i noi oferim cadoul!<\/h3>\n\n<p>Pe 8 noiembrie \u00eemplinim 25 de ani \u0219i vrem s\u0103 \u00eemp\u0103r\u021bim daruri cu voi, ascult\u0103torii no\u0219tri. Las\u0103 un like, distribuie poza cadoului dorit \u0219i spune-ne \u00een comentarii de ce \u021bi-l dore\u0219ti, pentru \u0219ansa de a-l c\u00e2\u0219tiga. Noroco\u0219ii c\u00e2\u0219tig\u0103tori vor fi anun\u021bati chiar de ziua noastr\u0103, pe 8 noiembrie.<\/p>\n\n<p>Premiile noastre sunt:<\/p>\n<p>Radio HIT \u00eempline\u0219te 25 de ani de c\u00e2nd le este al\u0103turi ie\u0219enilor. \u0218i pentru a celebra, de ziua lui, Radio HIT face cadou un \n<ul>\n<li><strong>City Break la Milano! Un dar pentru dou\u0103 persoane, cu zbor \u0219i cazare incluse!<\/strong><\/li>\n<li>Un fotoliu de masaj de la Komoder<\/li>\n<li>un abonament pe sezonul 2019\/2020 la meciurile Poli Ia\u0219i<\/li>\n<li>25 de cafele Fika<\/li>\n<li>25 beri Capra Noastr\u0103<\/li>\n<li>25 pr\u0103jituri Glazurai<\/li>\n<li>25 de cutii de \u0219ampanie Cotnari<\/li>\n<li>25 bilete CTP<\/li>\n<li>25 de c\u0103r\u021bi Polirom<\/li>\n<\/ul>\n<p><strong>Regulile concursului sunt simple:<\/strong><\/p>\n<ul>\n<li> Like \u0219i share public post\u0103rii. <\/li>\n<li> Eticheteaz\u0103 \u00een comentarii la aceast\u0103 postare pe cine vrei s\u0103 iei cu tine \u00een City Break.<\/li>\n<li> R\u0103spunde la \u00eentrebarea &#8222;Care este emisiunea ta preferat\u0103 de la Radio HIT?&#8221;.<\/li>\n<\/ul>\n\n<p>Condi\u021bii de participare:<\/p>\n<p>S\u0103 ai pagina RadioHit Iasi la likes pe Facebook (ne g\u0103si\u021bi \u0219i pe Instagram la @radiohitiasi).<\/p>\n<p>S\u0103 ai peste 18 ani.<\/p>\n\n<p>Nerespectarea condi\u021biilor de participare duce la anularea c\u00e2\u0219tigului \u0219i la organizarea unei noi extrageri.<\/p>\n\n<p>Concursul se va \u00eencheia pe 8 noiembrie, iar c\u00e2\u0219tig\u0103torul va fi anun\u021bat pe frecven\u021ba 94,9fm \u0219i pe pagina RadioHit Iasi.<\/p>\n\n\n\n<p><\/p>\n","protected":false},"excerpt":{"rendered":"<p>Este ziua noastr\u0103 \u0219i noi oferim cadoul! Pe 8 noiembrie \u00eemplinim 25 de ani \u0219i vrem s\u0103 \u00eemp\u0103r\u021bim daruri cu voi, ascult\u0103torii no\u0219tri. Las\u0103 un like, distribuie poza cadoului dorit \u0219i spune-ne \u00een comentarii de ce \u021bi-l dore\u0219ti, pentru \u0219ansa de a-l c\u00e2\u0219tiga. Noroco\u0219ii c\u00e2\u0219tig\u0103tori &#8230;<\/p>\n","protected":false},"author":1,"featured_media":0,"parent":0,"menu_order":0,"comment_status":"closed","ping_status":"closed","template":"","meta":[],"yoast_head":"<!-- This site is optimized with the Yoast SEO plugin v15.5 - https:\/\/yoast.com\/wordpress\/plugins\/seo\/ -->\n<title>Concursuri - Radio Hit<\/title>\n<meta name=\"robots\" content=\"index, follow, max-snippet:-1, max-image-preview:large, max-video-preview:-1\" \/>\n<link rel=\"canonical\" href=\"https:\/\/www.radiohit.ro\/sitenou\/concursuri\/\" \/>\n<meta property=\"og:locale\" content=\"ro_RO\" \/>\n<meta property=\"og:type\" content=\"article\" \/>\n<meta property=\"og:title\" content=\"Concursuri - Radio Hit\" \/>\n<meta property=\"og:description\" content=\"Este ziua noastr\u0103 \u0219i noi oferim cadoul! Pe 8 noiembrie \u00eemplinim 25 de ani \u0219i vrem s\u0103 \u00eemp\u0103r\u021bim daruri cu voi, ascult\u0103torii no\u0219tri. Las\u0103 un like, distribuie poza cadoului dorit \u0219i spune-ne \u00een comentarii de ce \u021bi-l dore\u0219ti, pentru \u0219ansa de a-l c\u00e2\u0219tiga. Noroco\u0219ii c\u00e2\u0219tig\u0103tori ...\" \/>\n<meta property=\"og:url\" content=\"https:\/\/www.radiohit.ro\/sitenou\/concursuri\/\" \/>\n<meta property=\"og:site_name\" content=\"Radio Hit\" \/>\n<meta property=\"article:modified_time\" content=\"2019-10-28T12:30:04+00:00\" \/>\n<meta name=\"twitter:card\" content=\"summary_large_image\" \/>\n<meta name=\"twitter:label1\" content=\"Timp estimat pentru citire\">\n\t<meta name=\"twitter:data1\" content=\"1 minut\">\n<script type=\"application\/ld+json\" class=\"yoast-schema-graph\">{\"@context\":\"https:\/\/schema.org\",\"@graph\":[{\"@type\":\"WebSite\",\"@id\":\"https:\/\/www.radiohit.ro\/sitenou\/#website\",\"url\":\"https:\/\/www.radiohit.ro\/sitenou\/\",\"name\":\"Radio Hit\",\"description\":\"Radio Hit - Ia&#039;si ascult\\u0103!\",\"potentialAction\":[{\"@type\":\"SearchAction\",\"target\":\"https:\/\/www.radiohit.ro\/sitenou\/?s={search_term_string}\",\"query-input\":\"required name=search_term_string\"}],\"inLanguage\":\"ro-RO\"},{\"@type\":\"WebPage\",\"@id\":\"https:\/\/www.radiohit.ro\/sitenou\/concursuri\/#webpage\",\"url\":\"https:\/\/www.radiohit.ro\/sitenou\/concursuri\/\",\"name\":\"Concursuri - Radio Hit\",\"isPartOf\":{\"@id\":\"https:\/\/www.radiohit.ro\/sitenou\/#website\"},\"datePublished\":\"2019-06-10T06:22:37+00:00\",\"dateModified\":\"2019-10-28T12:30:04+00:00\",\"inLanguage\":\"ro-RO\",\"potentialAction\":[{\"@type\":\"ReadAction\",\"target\":[\"https:\/\/www.radiohit.ro\/sitenou\/concursuri\/\"]}]}]}<\/script>\n<!-- \/ Yoast SEO plugin. -->","_links":{"self":[{"href":"https:\/\/www.radiohit.ro\/sitenou\/wp-json\/wp\/v2\/pages\/4438"}],"collection":[{"href":"https:\/\/www.radiohit.ro\/sitenou\/wp-json\/wp\/v2\/pages"}],"about":[{"href":"https:\/\/www.radiohit.ro\/sitenou\/wp-json\/wp\/v2\/types\/page"}],"author":[{"embeddable":true,"href":"https:\/\/www.radiohit.ro\/sitenou\/wp-json\/wp\/v2\/users\/1"}],"replies":[{"embeddable":true,"href":"https:\/\/www.radiohit.ro\/sitenou\/wp-json\/wp\/v2\/comments?post=4438"}],"version-history":[{"count":8,"href":"https:\/\/www.radiohit.ro\/sitenou\/wp-json\/wp\/v2\/pages\/4438\/revisions"}],"predecessor-version":[{"id":4457,"href":"https:\/\/www.radiohit.ro\/sitenou\/wp-json\/wp\/v2\/pages\/4438\/revisions\/4457"}],"wp:attachment":[{"href":"https:\/\/www.radiohit.ro\/sitenou\/wp-json\/wp\/v2\/media?parent=4438"}],"curies":[{"name":"wp","href":"https:\/\/api.w.org\/{rel}","templated":true}]}}