{"id":4436,"date":"2019-06-03T07:50:04","date_gmt":"2019-06-03T07:50:04","guid":{"rendered":"https:\/\/www.radiohit.ro\/sitenou\/?page_id=4436"},"modified":"2019-06-03T07:50:04","modified_gmt":"2019-06-03T07:50:04","slug":"politica-de-confidentialitate","status":"publish","type":"page","link":"https:\/\/www.radiohit.ro\/sitenou\/politica-de-confidentialitate\/","title":{"rendered":"Politica de confidentialitate"},"content":{"rendered":"\n<p><\/p>\n\n\n\n<p><strong>Introducere<\/strong><br> Aceast\u0103 politic\u0103 de confiden\u0163ialitate este conceput\u0103 pentru a v\u0103 informa despre practicile noastre \u00een ceea ce prive\u015fte colectarea de informa\u0163ii atunci c\u00e2nd vizita\u0163i site-ul www.radiohit.ro, prin utilizarea cookie-urilor \u015fi totodat\u0103 a altor tehnologii de urm\u0103rire.<br> Nu re\u0163inem date cu caracter personal, cum ar fi numele sau detaliile bancare. Ne referim doar la informa\u0163ii care ne ajut\u0103 s\u0103 v\u0103 putem \u00eembun\u0103t\u0103\u0163i experien\u0163a online.<\/p>\n\n\n\n<p><strong>Contextul legislativ<\/strong><br> \u00cen conformitate cu cerin\u0163ele Directivei (UE) 2002\/58\/EC (&#8222;Directiva E-Privacy&#8221;) \u015fi a Regulamentului (UE) 2016\/679 privind protec\u0163ia persoanelor fizice \u00een ceea ce prive\u015fte prelucrarea datelor cu caracter personal \u015fi privind libera circula\u0163ie a acestor date \u015fi de abrogare a Directivei 95\/46\/CE (&#8222;Regulamentul GDPR&#8221;) aplicabil din data de 25 mai 2018, avem obliga\u0163ia de a administra \u00een condi\u0163ii de siguran\u0163\u0103 \u015fi numai pentru scopurile specificate datele personale pe care ni le furniza\u0163i prin utilizarea site-ului nostru, \u00een acord cu prevederile Regulamentului GDPR \u015fi ale Directivei E-Privacy.<\/p>\n\n\n\n<p><strong>Drepturile dumneavoastr\u0103<\/strong><br> Ave\u0163i dreptul de a accesa \u015fi modifica \u00eenregistrarea datelor dumneavoastr\u0103 personale prelucrate de noi dac\u0103 acestea nu reflect\u0103 realitatea \u015fi, totodat\u0103, ne pute\u0163i solicita s\u0103 \u015ftergem sau s\u0103 \u00eencet\u0103m prelucrarea acestora. Totodat\u0103, pute\u0163i solicita informa\u0163ii suplimentare despre scopul prelucr\u0103rii, categoriile de date cu caracter personal vizate, care a fost sursa informa\u0163iilor \u015fi pentru c\u00e2t timp vor fi stocate. <br> Ne pute\u0163i contacta pe adresa de e-mail: dpo@radiohit.ro.<br> V\u0103 rug\u0103m s\u0103 v\u0103 exersa\u0163i cu aten\u0163ie drepturile \u015fi s\u0103 \u0163ine\u0163i cont de faptul c\u0103 abuzul de drepturi v\u0103 poate atrage r\u0103spunderea.<\/p>\n\n\n\n<p><strong>Responsabilul cu protec\u0163ia datelor cu caracter personal<\/strong><br> Pute\u0163i oric\u00e2nd lua leg\u0103tura cu responsabilul cu protec\u0163ia datelor la adresa: dpo@radiohit.ro.<\/p>\n\n\n\n<p><strong>Consim\u0163\u0103m\u00e2ntul dumneavoastr\u0103 pentru utilizarea cookie-urilor<\/strong><br> Prin accesarea site-ului nostru, ve\u0163i observa \u00een partea de jos un mesaj prin care vi se va cere consim\u0163\u0103m\u00e2ntul cu privire la acceptul dumneavoastr\u0103 privind colectarea informa\u0163iilor utiliz\u00e2nd module cookie. <\/p>\n\n\n\n<p><strong>Ce este un &#8222;cookie&#8221;?<\/strong><br> Un &#8222;cookie&#8221; este un fi\u015fier de mici dimensiuni format din litere \u015fi numere, care este stocat pe computerul utilizatorului. Acesta este instalat prin solicitarea emis\u0103 de un browser web \u015fi este complet inofensiv, adic\u0103 nu con\u0163ine programe software, viru\u015fi sau spyware \u015fi nici nu poate accesa informa\u0163iile de pe computerul utilizatorului.<br> Exist\u0103 dou\u0103 tipuri de cookie-uri: persistente \u015fi de sesiune. Cele persistente nu se \u015fterg atunci c\u00e2nd utilizatorul \u00eenchide fereastra browser-ului. Cookie-urile de sesiune r\u0103m\u00e2n active pe toat\u0103 durata vizitei, adic\u0103 \u00een momentul \u00een care utilizatorul \u00eenchide fereastra acestea sunt \u015fterse.<\/p>\n\n\n\n<p><strong>Care sunt avantajele cookie-urilor?<\/strong><br> Un cookie de obicei con\u0163ine informa\u0163ii despre web browser-ul utilizat \u015fi un web server anume. C\u00e2nd un browser acceseaz\u0103 din nou acel web server, acesta poate citi informa\u0163ia deja stocat\u0103 \u015fi poate reac\u0163iona \u00een cuno\u015ftin\u0163\u0103 de cauz\u0103. <\/p>\n\n\n\n<p><strong>Care este durata de via\u0163\u0103 a unui cookie?<\/strong><br> Durata de via\u0163\u0103 a unui cookie poate varia semnificativ, depinz\u00e2nd de scopul pentru care este plasat. Unele cookie-uri sunt folosite pentru o singur\u0103 sesiune, \u00een timp ce altele r\u0103m\u00e2n pentru o perioad\u0103 \u00eendelungat\u0103. Cu toate acestea, utilizatorul poate oric\u00e2nd s\u0103 \u015ftearg\u0103 aceste cookies din browser, are control deplin.<\/p>\n\n\n\n<p><strong>Cum folosim noi cookie-urile pe acest site<\/strong><br> Folosim cookie-uri pentru func\u0163ionalitate \u015fi cookie-uri pentru colectarea de informa\u0163ii despre vizitatori, cum ar fi tipul de browser folosit, regiunea, dispozitivul de pe care se acceseaz\u0103 site-ul. <\/p>\n\n\n\n<p><strong>Tipurile de cookie-uri pe care noi le folosim<\/strong><br> \u2022    Cookie-uri de analiz\u0103 \u015fi performan\u0163\u0103 <br> Utiliz\u0103m Google Analytics, unde colect\u0103m informa\u0163ii demografice \u015fi monitoriz\u0103m nivelul de activitate al serviciilor noastre. Pute\u0163i \u00eempiedica colectarea datelor prin Google Analytics acces\u00e2nd urm\u0103torul plug-in:<br> http:\/\/tools.google.com\/dlpage\/gaoptout?hl=ro<\/p>\n\n\n\n<p>\u2022    <strong>Cookie-uri esen\u0163iale<\/strong><br> Acestea v\u0103 permit s\u0103 v\u0103 conecta\u0163i la zonele securizate ale serviciilor noastre. <\/p>\n\n\n\n<p>\u2022    <strong>Cookie-uri de func\u0163ionalitate<\/strong><br> Acestea permit serviciilor noastre s\u0103 \u00ee\u015fi aminteasc\u0103 alegerile pe care le face\u0163i atunci c\u00e2nd le utiliza\u0163i. <\/p>\n\n\n\n<p><strong>Cum pute\u0163i opri cookie-urile?<\/strong><br> Dezactivarea \u015fi refuzul de a primi cookie-uri pot face anumite site-uri impracticabile. Totu\u015fi, pute\u0163i oric\u00e2nd s\u0103 \u015fterge\u0163i cookie-urile primite sau pute\u0163i s\u0103 dezactiva\u0163i complet, din browser, utilizarea acestor cookies.<br> https:\/\/support.microsoft.com\/en-us\/kb\/196955<br> https:\/\/support.google.com\/chrome\/answer\/95647?hl=en<br> https:\/\/support.mozilla.org\/en-US\/kb\/cookies-information-websites-store-on-your-computer?redirectlocale=en-US&amp;redirectslug=Cookies<br> https:\/\/support.apple.com\/kb\/PH5042?locale=en_US<\/p>\n\n\n\n<p><strong>Stocarea informa\u0163iilor captate de cookie-uri<\/strong><br> Informa\u0163iile ob\u0163inute de cookies sunt p\u0103strate \u00een condi\u0163ii de siguran\u0163\u0103 ridicat\u0103 pe serverul care g\u0103zduie\u015fte site-ul nostru.<\/p>\n\n\n\n<p><strong>Securitatea datelor personale<\/strong><br> Restric\u0163ion\u0103m accesul la datele dumneavoastr\u0103 personale doar acelor angaja\u0163i care trebuie s\u0103 \u015ftie acele informa\u0163ii, pentru a v\u0103 oferi beneficii sau servicii. \u00cen plus, instruim angaja\u0163ii no\u015ftri cu privire la importan\u0163a confiden\u0163ialit\u0103\u0163ii \u015fi men\u0163inerea confiden\u0163ialit\u0103\u0163ii \u015fi securit\u0103\u0163ii informa\u0163iilor dumneavoastr\u0103.<\/p>\n\n\n\n<p><strong>Aspecte de securitate legate de cookie-uri<\/strong><br> Cookie-urile reprezint\u0103 fi\u015fiere \u00een format plain text (text simplu). Nu sunt alc\u0103tuite din buc\u0103\u0163i de cod, a\u015fadar nu pot fi executate \u015fi nici nu se pot autorula. Browser-ele au integrate set\u0103ri de confiden\u0163ialitate care furnizeaz\u0103 diferite niveluri de acceptare a cookie-urilor, perioada de valabilitate \u015fi \u015ftergere automat\u0103 dup\u0103 ce un utilizator a vizitat un anumit site.<\/p>\n\n\n\n<p><strong>Modific\u0103ri ale politicii privind cookie-urile<\/strong><br> Este posibil s\u0103 actualiz\u0103m periodic acest document de informare.<\/p>\n\n\n\n<p><strong>\u00centreb\u0103ri, nel\u0103muriri, reclama\u0163ii<\/strong><br> Pentru orice \u00eentreb\u0103ri, nel\u0103muriri sau reclama\u0163ii v\u0103 st\u0103m la dispozi\u0163ie la urm\u0103toarea adres\u0103 de e-mail: dpo@radiohit.ro<\/p>\n\n\n\n<p><strong>V\u0103 mul\u0163umim!<\/strong><\/p>\n","protected":false},"excerpt":{"rendered":"<p>Introducere Aceast\u0103 politic\u0103 de confiden\u0163ialitate este conceput\u0103 pentru a v\u0103 informa despre practicile noastre \u00een ceea ce prive\u015fte colectarea de informa\u0163ii atunci c\u00e2nd vizita\u0163i site-ul www.radiohit.ro, prin utilizarea cookie-urilor \u015fi totodat\u0103 a altor tehnologii de urm\u0103rire. Nu re\u0163inem date cu caracter personal, cum ar fi &#8230;<\/p>\n","protected":false},"author":1,"featured_media":0,"parent":0,"menu_order":0,"comment_status":"closed","ping_status":"closed","template":"","meta":[],"yoast_head":"<!-- This site is optimized with the Yoast SEO plugin v15.5 - https:\/\/yoast.com\/wordpress\/plugins\/seo\/ -->\n<title>Politica de confidentialitate - Radio Hit<\/title>\n<meta name=\"robots\" content=\"index, follow, max-snippet:-1, max-image-preview:large, max-video-preview:-1\" \/>\n<link rel=\"canonical\" href=\"https:\/\/www.radiohit.ro\/sitenou\/politica-de-confidentialitate\/\" \/>\n<meta property=\"og:locale\" content=\"ro_RO\" \/>\n<meta property=\"og:type\" content=\"article\" \/>\n<meta property=\"og:title\" content=\"Politica de confidentialitate - Radio Hit\" \/>\n<meta property=\"og:description\" content=\"Introducere Aceast\u0103 politic\u0103 de confiden\u0163ialitate este conceput\u0103 pentru a v\u0103 informa despre practicile noastre \u00een ceea ce prive\u015fte colectarea de informa\u0163ii atunci c\u00e2nd vizita\u0163i site-ul www.radiohit.ro, prin utilizarea cookie-urilor \u015fi totodat\u0103 a altor tehnologii de urm\u0103rire. Nu re\u0163inem date cu caracter personal, cum ar fi ...\" \/>\n<meta property=\"og:url\" content=\"https:\/\/www.radiohit.ro\/sitenou\/politica-de-confidentialitate\/\" \/>\n<meta property=\"og:site_name\" content=\"Radio Hit\" \/>\n<meta name=\"twitter:card\" content=\"summary_large_image\" \/>\n<meta name=\"twitter:label1\" content=\"Timp estimat pentru citire\">\n\t<meta name=\"twitter:data1\" content=\"4 minute\">\n<script type=\"application\/ld+json\" class=\"yoast-schema-graph\">{\"@context\":\"https:\/\/schema.org\",\"@graph\":[{\"@type\":\"WebSite\",\"@id\":\"https:\/\/www.radiohit.ro\/sitenou\/#website\",\"url\":\"https:\/\/www.radiohit.ro\/sitenou\/\",\"name\":\"Radio Hit\",\"description\":\"Radio Hit - Ia&#039;si ascult\\u0103!\",\"potentialAction\":[{\"@type\":\"SearchAction\",\"target\":\"https:\/\/www.radiohit.ro\/sitenou\/?s={search_term_string}\",\"query-input\":\"required name=search_term_string\"}],\"inLanguage\":\"ro-RO\"},{\"@type\":\"WebPage\",\"@id\":\"https:\/\/www.radiohit.ro\/sitenou\/politica-de-confidentialitate\/#webpage\",\"url\":\"https:\/\/www.radiohit.ro\/sitenou\/politica-de-confidentialitate\/\",\"name\":\"Politica de confidentialitate - Radio Hit\",\"isPartOf\":{\"@id\":\"https:\/\/www.radiohit.ro\/sitenou\/#website\"},\"datePublished\":\"2019-06-03T07:50:04+00:00\",\"dateModified\":\"2019-06-03T07:50:04+00:00\",\"inLanguage\":\"ro-RO\",\"potentialAction\":[{\"@type\":\"ReadAction\",\"target\":[\"https:\/\/www.radiohit.ro\/sitenou\/politica-de-confidentialitate\/\"]}]}]}<\/script>\n<!-- \/ Yoast SEO plugin. -->","_links":{"self":[{"href":"https:\/\/www.radiohit.ro\/sitenou\/wp-json\/wp\/v2\/pages\/4436"}],"collection":[{"href":"https:\/\/www.radiohit.ro\/sitenou\/wp-json\/wp\/v2\/pages"}],"about":[{"href":"https:\/\/www.radiohit.ro\/sitenou\/wp-json\/wp\/v2\/types\/page"}],"author":[{"embeddable":true,"href":"https:\/\/www.radiohit.ro\/sitenou\/wp-json\/wp\/v2\/users\/1"}],"replies":[{"embeddable":true,"href":"https:\/\/www.radiohit.ro\/sitenou\/wp-json\/wp\/v2\/comments?post=4436"}],"version-history":[{"count":1,"href":"https:\/\/www.radiohit.ro\/sitenou\/wp-json\/wp\/v2\/pages\/4436\/revisions"}],"predecessor-version":[{"id":4437,"href":"https:\/\/www.radiohit.ro\/sitenou\/wp-json\/wp\/v2\/pages\/4436\/revisions\/4437"}],"wp:attachment":[{"href":"https:\/\/www.radiohit.ro\/sitenou\/wp-json\/wp\/v2\/media?parent=4436"}],"curies":[{"name":"wp","href":"https:\/\/api.w.org\/{rel}","templated":true}]}}